{"id":118,"date":"2020-12-08T08:05:13","date_gmt":"2020-12-08T08:05:13","guid":{"rendered":"https:\/\/beat.sitter-liver.ch\/wordpress\/?page_id=118"},"modified":"2020-12-08T16:43:44","modified_gmt":"2020-12-08T16:43:44","slug":"editionen","status":"publish","type":"page","link":"https:\/\/beat.sitter-liver.ch\/index.php\/publikationen\/editionen\/","title":{"rendered":"Editionen"},"content":{"rendered":"\n<p>Universality: From Theory to Practice. An intercultural and interdisciplinary debate about facts, possibilities, lies and myths. Beat Sitter-Liver (ed.), assisted by Thomas Hiltbrunner. Academic Press Fribourg. Fribourg 2008<\/p>\n\n\n\n<p>Sprachenvielfalt und Kulturfrieden. Sprachminderheit &#8211; Einsprachigkeit &#8211; Mehrsprachigkeit_ Problemem und Chancen sprachlicher Vielfalt. G. L\u00fcdi, K. Seelmann, B. Sitter-Liver (Hg.). Academic Press Fribourg und Kohlhammer Stuttgart. 2008<\/p>\n\n\n\n<p>Utopie heute I. Zur aktuellen Bedeutung, Funktion und Kritik des utopischen Denkens. Beat Sitter-Liver (Hg.), in Zusammenarbeit mit Thomas Hiltbrunner. Academic Press Fribourg und Kohlhammer Stuttgart. 2007<\/p>\n\n\n\n<p>Utopie heute II. Zur aktuellen Bedeutung, Funktion und Kritik des utopischen Denkens. Beat Sitter-Liver (Hg.), in Zusammenarbeit mit Thomas Hiltbrunner. Academic Press Fribourg und Kohlhammer Stuttgart. 2007<\/p>\n\n\n\n<p>Informationsgesellschaft &#8211; Soci\u00e9t\u00e9 de l&#8217;information. Geschichten und Wirklichkeit &#8211; R\u00e9cits et r\u00e9alit\u00e9. Beat Sitter-Liver, G\u00e9rald Berthoud, Albert K\u00fcndig (Hrsg.) Academic Press Fribourg. Fribourg 2005<\/p>\n\n\n\n<p>Grenzg\u00e4nge der Theologie. Symposium vom 10. Juni 2005 anl\u00e4sslich des 60. Geburtstages von Adrian Holderegger. B. Sitter-Liver und M. Zahner (Hrsg.). Academic Press Fribourg. Fribourg 2005<\/p>\n\n\n\n<p>Gemeinwohl &#8211; Bien commun. Ein kritisches Pl\u00e4doyer &#8211; Un plaidoyer critique. J.-M. Bonvin, G. Kohler, B. Sitter-Liver (Hrsg.). Academic Press Fribourg. Fribourg 2004<\/p>\n\n\n\n<p>Verwaltung im 21. Jahrhundert. Herausforderungen, Probleme, L\u00f6sungswege. R. J. Schweizer, C. Jeanrenaud, S. Kux, B. Sitter-Liver (Hrsg.). Universit\u00e4tsverlag Freiburg Schweiz. Freiburg 2003<\/p>\n\n\n\n<p>Theologie und biomedizinische Ethik. Grundlagen und Konkretionen. A. Holderegger \/ D. M\u00fcller \/ B. Sitter-Liver \/ M. Zimmermann-Acklin (Hrsg.). Universit\u00e4tsverlag Freiburg i. \u00dce. und Verlag Herder Freiburg i. Br. 2002<\/p>\n\n\n\n<p>B. Sitter-Liver et al. Sustainable Development Futures: A Selection of Swiss Academic Perspectives. in: Our Fragile World. Challenges and Opportunities for Sustainable Development. M.K. Tolba (ed.). EOLSS Publisher Co. Ltd. Oxford UK 2001. pages 2153-2173<\/p>\n\n\n\n<p>Geschlechterdifferenz und Macht. Reflexion gesellschaftlicher Prozesse. S. Brander, R.J. Schweizer, B. Sitter-Liver (Hrsg.). Universit\u00e4tsverlag Freiburg Schweiz. Freiburg 2001<\/p>\n\n\n\n<p>Herausgeforderte Verfassung. Die Schweiz im globalen Kontext. B. Sitter-Liver (Hrsg.). Universit\u00e4tsverlag Freiburg Schweiz. Freiburg 1999<\/p>\n\n\n\n<p>Der Mensch &#8211; ein Egoist? F\u00fcr und wider die Ausbreitung des methodischen Utilitarismus in den Kulturwissenschaften. B. Sitter-Liver und Pio Caroni (Hrsg.). Universit\u00e4tsverlag Freiburg Schweiz. Freiburg 1998<\/p>\n\n\n\n<p>Partnership in Archaeology. Perspectives of a Cross-Cultural Dialogue. B. Sitter-Liver and Chr. Uehlinger (eds.). Fribourg University Press, Switzerland. Fribourg 1997<\/p>\n\n\n\n<p>50 Jahre &#8211; Auf dem Weg &#8211; in die Zukunft. B. Sitter-Liver und C. Pfaff (Hrsg.). Schweizerische Akademie der Geistes- und Sozialwissenschaften. Bern 1997<\/p>\n\n\n\n<p>The Responsible Scholar. Ethical Considerations in the Humanities and Social Sciences. B. Sitter-Liver and G. Berthoud (eds.). Watson Publishing International. Nantucket, Massachusetts 1996<\/p>\n\n\n\n<p>Culture within Nature &#8211; Culture dans la nature. Beat &amp; Beatrix Sitter-Liver (eds.). Wiese Verlag. Basel 1995<\/p>\n\n\n\n<p>Scientists and Their Responsibilities. B. Sitter and W.R. Shea (eds.) Watson Publishing International. Nantucket, Massachusetts 1989<\/p>\n\n\n\n<p>La contribution de la zoologie et de l&#8217;\u00e9thologie \u00e0 l&#8217;interpr\u00e9tation de l&#8217;art des peuples chasseurs pr\u00e9historiques. H.-G. Bandi \/ W. Huber \/ M.-R. Sauter \/ B. Sitter (Hg.). Editions Universitaires Fribourg Suisse. Fribourg 1984<\/p>\n\n\n\n<p>Geisteswisssenschaften und Gesellschaft. in: Jahresbericht der SAGW 1975. Paul Haupt Verlag. Bern 1976<\/p>\n\n\n\n<p><\/p>\n","protected":false},"excerpt":{"rendered":"<p>Universality: From Theory to Practice. An intercultural and interdisciplinary debate about facts, possibilities, lies and myths. Beat Sitter-Liver (ed.), assisted by Thomas Hiltbrunner. Academic Press Fribourg. Fribourg 2008 Sprachenvielfalt und&hellip;<\/p>\n","protected":false},"author":1,"featured_media":0,"parent":44,"menu_order":2,"comment_status":"closed","ping_status":"closed","template":"","meta":{"footnotes":""},"yoast_head":"<!-- This site is optimized with the Yoast SEO plugin v22.6 - https:\/\/yoast.com\/wordpress\/plugins\/seo\/ -->\n<title>Editionen | Beat Sitter-Liver<\/title>\n<meta name=\"robots\" content=\"index, follow, max-snippet:-1, max-image-preview:large, max-video-preview:-1\" \/>\n<link rel=\"canonical\" href=\"https:\/\/beat.sitter-liver.ch\/index.php\/publikationen\/editionen\/\" \/>\n<meta property=\"og:locale\" content=\"de_DE\" \/>\n<meta property=\"og:type\" content=\"article\" \/>\n<meta property=\"og:title\" content=\"Editionen | Beat Sitter-Liver\" \/>\n<meta property=\"og:description\" content=\"Universality: From Theory to Practice. An intercultural and interdisciplinary debate about facts, possibilities, lies and myths. Beat Sitter-Liver (ed.), assisted by Thomas Hiltbrunner. Academic Press Fribourg. Fribourg 2008 Sprachenvielfalt und&hellip;\" \/>\n<meta property=\"og:url\" content=\"https:\/\/beat.sitter-liver.ch\/index.php\/publikationen\/editionen\/\" \/>\n<meta property=\"og:site_name\" content=\"Beat Sitter-Liver\" \/>\n<meta property=\"article:modified_time\" content=\"2020-12-08T16:43:44+00:00\" \/>\n<meta name=\"twitter:card\" content=\"summary_large_image\" \/>\n<meta name=\"twitter:label1\" content=\"Gesch\u00e4tzte Lesezeit\" \/>\n\t<meta name=\"twitter:data1\" content=\"2 Minuten\" \/>\n<script type=\"application\/ld+json\" class=\"yoast-schema-graph\">{\"@context\":\"https:\/\/schema.org\",\"@graph\":[{\"@type\":\"WebPage\",\"@id\":\"https:\/\/beat.sitter-liver.ch\/index.php\/publikationen\/editionen\/\",\"url\":\"https:\/\/beat.sitter-liver.ch\/index.php\/publikationen\/editionen\/\",\"name\":\"Editionen | Beat Sitter-Liver\",\"isPartOf\":{\"@id\":\"https:\/\/beat.sitter-liver.ch\/#website\"},\"datePublished\":\"2020-12-08T08:05:13+00:00\",\"dateModified\":\"2020-12-08T16:43:44+00:00\",\"breadcrumb\":{\"@id\":\"https:\/\/beat.sitter-liver.ch\/index.php\/publikationen\/editionen\/#breadcrumb\"},\"inLanguage\":\"de-CH\",\"potentialAction\":[{\"@type\":\"ReadAction\",\"target\":[\"https:\/\/beat.sitter-liver.ch\/index.php\/publikationen\/editionen\/\"]}]},{\"@type\":\"BreadcrumbList\",\"@id\":\"https:\/\/beat.sitter-liver.ch\/index.php\/publikationen\/editionen\/#breadcrumb\",\"itemListElement\":[{\"@type\":\"ListItem\",\"position\":1,\"name\":\"Home\",\"item\":\"https:\/\/beat.sitter-liver.ch\/\"},{\"@type\":\"ListItem\",\"position\":2,\"name\":\"Publikationen\",\"item\":\"https:\/\/beat.sitter-liver.ch\/index.php\/publikationen\/\"},{\"@type\":\"ListItem\",\"position\":3,\"name\":\"Editionen\"}]},{\"@type\":\"WebSite\",\"@id\":\"https:\/\/beat.sitter-liver.ch\/#website\",\"url\":\"https:\/\/beat.sitter-liver.ch\/\",\"name\":\"Beat Sitter-Liver\",\"description\":\"Professor emeritus f\u00fcr praktische Philosophie\",\"publisher\":{\"@id\":\"https:\/\/beat.sitter-liver.ch\/#\/schema\/person\/e6afd7bd6477b9c2428162990ed62b04\"},\"potentialAction\":[{\"@type\":\"SearchAction\",\"target\":{\"@type\":\"EntryPoint\",\"urlTemplate\":\"https:\/\/beat.sitter-liver.ch\/?s={search_term_string}\"},\"query-input\":\"required name=search_term_string\"}],\"inLanguage\":\"de-CH\"},{\"@type\":[\"Person\",\"Organization\"],\"@id\":\"https:\/\/beat.sitter-liver.ch\/#\/schema\/person\/e6afd7bd6477b9c2428162990ed62b04\",\"name\":\"admin\",\"image\":{\"@type\":\"ImageObject\",\"inLanguage\":\"de-CH\",\"@id\":\"https:\/\/beat.sitter-liver.ch\/#\/schema\/person\/image\/\",\"url\":\"https:\/\/secure.gravatar.com\/avatar\/2864240c2fd3586545466e643f5601c2?s=96&d=blank&r=g\",\"contentUrl\":\"https:\/\/secure.gravatar.com\/avatar\/2864240c2fd3586545466e643f5601c2?s=96&d=blank&r=g\",\"caption\":\"admin\"},\"logo\":{\"@id\":\"https:\/\/beat.sitter-liver.ch\/#\/schema\/person\/image\/\"},\"sameAs\":[\"https:\/\/beat.sitter-liver.ch\"]}]}<\/script>\n<!-- \/ Yoast SEO plugin. -->","yoast_head_json":{"title":"Editionen | Beat Sitter-Liver","robots":{"index":"index","follow":"follow","max-snippet":"max-snippet:-1","max-image-preview":"max-image-preview:large","max-video-preview":"max-video-preview:-1"},"canonical":"https:\/\/beat.sitter-liver.ch\/index.php\/publikationen\/editionen\/","og_locale":"de_DE","og_type":"article","og_title":"Editionen | Beat Sitter-Liver","og_description":"Universality: From Theory to Practice. An intercultural and interdisciplinary debate about facts, possibilities, lies and myths. Beat Sitter-Liver (ed.), assisted by Thomas Hiltbrunner. Academic Press Fribourg. Fribourg 2008 Sprachenvielfalt und&hellip;","og_url":"https:\/\/beat.sitter-liver.ch\/index.php\/publikationen\/editionen\/","og_site_name":"Beat Sitter-Liver","article_modified_time":"2020-12-08T16:43:44+00:00","twitter_card":"summary_large_image","twitter_misc":{"Gesch\u00e4tzte Lesezeit":"2 Minuten"},"schema":{"@context":"https:\/\/schema.org","@graph":[{"@type":"WebPage","@id":"https:\/\/beat.sitter-liver.ch\/index.php\/publikationen\/editionen\/","url":"https:\/\/beat.sitter-liver.ch\/index.php\/publikationen\/editionen\/","name":"Editionen | Beat Sitter-Liver","isPartOf":{"@id":"https:\/\/beat.sitter-liver.ch\/#website"},"datePublished":"2020-12-08T08:05:13+00:00","dateModified":"2020-12-08T16:43:44+00:00","breadcrumb":{"@id":"https:\/\/beat.sitter-liver.ch\/index.php\/publikationen\/editionen\/#breadcrumb"},"inLanguage":"de-CH","potentialAction":[{"@type":"ReadAction","target":["https:\/\/beat.sitter-liver.ch\/index.php\/publikationen\/editionen\/"]}]},{"@type":"BreadcrumbList","@id":"https:\/\/beat.sitter-liver.ch\/index.php\/publikationen\/editionen\/#breadcrumb","itemListElement":[{"@type":"ListItem","position":1,"name":"Home","item":"https:\/\/beat.sitter-liver.ch\/"},{"@type":"ListItem","position":2,"name":"Publikationen","item":"https:\/\/beat.sitter-liver.ch\/index.php\/publikationen\/"},{"@type":"ListItem","position":3,"name":"Editionen"}]},{"@type":"WebSite","@id":"https:\/\/beat.sitter-liver.ch\/#website","url":"https:\/\/beat.sitter-liver.ch\/","name":"Beat Sitter-Liver","description":"Professor emeritus f\u00fcr praktische Philosophie","publisher":{"@id":"https:\/\/beat.sitter-liver.ch\/#\/schema\/person\/e6afd7bd6477b9c2428162990ed62b04"},"potentialAction":[{"@type":"SearchAction","target":{"@type":"EntryPoint","urlTemplate":"https:\/\/beat.sitter-liver.ch\/?s={search_term_string}"},"query-input":"required name=search_term_string"}],"inLanguage":"de-CH"},{"@type":["Person","Organization"],"@id":"https:\/\/beat.sitter-liver.ch\/#\/schema\/person\/e6afd7bd6477b9c2428162990ed62b04","name":"admin","image":{"@type":"ImageObject","inLanguage":"de-CH","@id":"https:\/\/beat.sitter-liver.ch\/#\/schema\/person\/image\/","url":"https:\/\/secure.gravatar.com\/avatar\/2864240c2fd3586545466e643f5601c2?s=96&d=blank&r=g","contentUrl":"https:\/\/secure.gravatar.com\/avatar\/2864240c2fd3586545466e643f5601c2?s=96&d=blank&r=g","caption":"admin"},"logo":{"@id":"https:\/\/beat.sitter-liver.ch\/#\/schema\/person\/image\/"},"sameAs":["https:\/\/beat.sitter-liver.ch"]}]}},"jetpack_sharing_enabled":true,"_links":{"self":[{"href":"https:\/\/beat.sitter-liver.ch\/index.php\/wp-json\/wp\/v2\/pages\/118"}],"collection":[{"href":"https:\/\/beat.sitter-liver.ch\/index.php\/wp-json\/wp\/v2\/pages"}],"about":[{"href":"https:\/\/beat.sitter-liver.ch\/index.php\/wp-json\/wp\/v2\/types\/page"}],"author":[{"embeddable":true,"href":"https:\/\/beat.sitter-liver.ch\/index.php\/wp-json\/wp\/v2\/users\/1"}],"replies":[{"embeddable":true,"href":"https:\/\/beat.sitter-liver.ch\/index.php\/wp-json\/wp\/v2\/comments?post=118"}],"version-history":[{"count":5,"href":"https:\/\/beat.sitter-liver.ch\/index.php\/wp-json\/wp\/v2\/pages\/118\/revisions"}],"predecessor-version":[{"id":169,"href":"https:\/\/beat.sitter-liver.ch\/index.php\/wp-json\/wp\/v2\/pages\/118\/revisions\/169"}],"up":[{"embeddable":true,"href":"https:\/\/beat.sitter-liver.ch\/index.php\/wp-json\/wp\/v2\/pages\/44"}],"wp:attachment":[{"href":"https:\/\/beat.sitter-liver.ch\/index.php\/wp-json\/wp\/v2\/media?parent=118"}],"curies":[{"name":"wp","href":"https:\/\/api.w.org\/{rel}","templated":true}]}}