{"id":120,"date":"2020-12-08T08:07:03","date_gmt":"2020-12-08T08:07:03","guid":{"rendered":"https:\/\/beat.sitter-liver.ch\/wordpress\/?page_id=120"},"modified":"2020-12-08T11:26:00","modified_gmt":"2020-12-08T11:26:00","slug":"hauptschriften","status":"publish","type":"page","link":"https:\/\/beat.sitter-liver.ch\/index.php\/publikationen\/hauptschriften\/","title":{"rendered":"Hauptschriften"},"content":{"rendered":"\n<p>Gerechte Organallokation. Zur Verteilung knapper medizinischer G\u00fcter in der Transplantationsmedizin. Academic Press Fribourg. Freiburg 2003<\/p>\n\n\n\n<p>Der Einspruch der Geisteswissenschaften. Ausgew\u00e4hlte Schriften. hg. im Auftrag der Schweizerischen Akademie der Geistes- und Sozialwissenschafen von Rainer J. Schweizer. Universit\u00e4tsverlag Freiburg Schweiz. Freiburg 2002<\/p>\n\n\n\n<p>Xenotransplantation aus der Sicht der Tierethik. Folia bioethica 27. Schweizerische Gesellschaft f\u00fcr Biomedizinische Ethik (Hrsg.). Genf 2000<\/p>\n\n\n\n<p>Von Macht und Verantwortung in der Wissenschaft. Basler Schriften zur europ\u00e4ischen Integration Nr. 27. Europainstitut an der Universit\u00e4t Basel. Basel 1997<\/p>\n\n\n\n<p>Einheit aus der Vielfalt. Bemerkungen zu Funktionen, Aufgaben und Verantwortung in den Kulturwissenschaften. Hans-Erni-Stiftung. Luzern 1994<\/p>\n\n\n\n<p>Pl\u00e4doyer f\u00fcr das Naturrechtsdenken. Zur Anerkennung von Eigenrechten der Natur. Beiheft 3 zur Zeitschrift f\u00fcr Schweizerisches Recht. Helbling &amp; Lichtenhahn. Basel 1984<\/p>\n\n\n\n<p>Die Geisteswissenschaften und ihre Bedeutung f\u00fcr unsere Zukunft. Schweizerische Volksbank (Hrsg.). Bern 1977<\/p>\n\n\n\n<p>Dasein und Ethik. Zu einer ethischen Theorie der Eksistenz. Verlag Alber. Freiburg\/M\u00fcnchen 1975<\/p>\n","protected":false},"excerpt":{"rendered":"<p>Gerechte Organallokation. Zur Verteilung knapper medizinischer G\u00fcter in der Transplantationsmedizin. Academic Press Fribourg. Freiburg 2003 Der Einspruch der Geisteswissenschaften. Ausgew\u00e4hlte Schriften. hg. im Auftrag der Schweizerischen Akademie der Geistes- und&hellip;<\/p>\n","protected":false},"author":1,"featured_media":0,"parent":44,"menu_order":1,"comment_status":"closed","ping_status":"closed","template":"","meta":{"footnotes":""},"yoast_head":"<!-- This site is optimized with the Yoast SEO plugin v22.6 - https:\/\/yoast.com\/wordpress\/plugins\/seo\/ -->\n<title>Hauptschriften | Beat Sitter-Liver<\/title>\n<meta name=\"robots\" content=\"index, follow, max-snippet:-1, max-image-preview:large, max-video-preview:-1\" \/>\n<link rel=\"canonical\" href=\"https:\/\/beat.sitter-liver.ch\/index.php\/publikationen\/hauptschriften\/\" \/>\n<meta property=\"og:locale\" content=\"de_DE\" \/>\n<meta property=\"og:type\" content=\"article\" \/>\n<meta property=\"og:title\" content=\"Hauptschriften | Beat Sitter-Liver\" \/>\n<meta property=\"og:description\" content=\"Gerechte Organallokation. Zur Verteilung knapper medizinischer G\u00fcter in der Transplantationsmedizin. Academic Press Fribourg. Freiburg 2003 Der Einspruch der Geisteswissenschaften. Ausgew\u00e4hlte Schriften. hg. im Auftrag der Schweizerischen Akademie der Geistes- und&hellip;\" \/>\n<meta property=\"og:url\" content=\"https:\/\/beat.sitter-liver.ch\/index.php\/publikationen\/hauptschriften\/\" \/>\n<meta property=\"og:site_name\" content=\"Beat Sitter-Liver\" \/>\n<meta property=\"article:modified_time\" content=\"2020-12-08T11:26:00+00:00\" \/>\n<meta name=\"twitter:card\" content=\"summary_large_image\" \/>\n<meta name=\"twitter:label1\" content=\"Gesch\u00e4tzte Lesezeit\" \/>\n\t<meta name=\"twitter:data1\" content=\"1 Minute\" \/>\n<script type=\"application\/ld+json\" class=\"yoast-schema-graph\">{\"@context\":\"https:\/\/schema.org\",\"@graph\":[{\"@type\":\"WebPage\",\"@id\":\"https:\/\/beat.sitter-liver.ch\/index.php\/publikationen\/hauptschriften\/\",\"url\":\"https:\/\/beat.sitter-liver.ch\/index.php\/publikationen\/hauptschriften\/\",\"name\":\"Hauptschriften | Beat Sitter-Liver\",\"isPartOf\":{\"@id\":\"https:\/\/beat.sitter-liver.ch\/#website\"},\"datePublished\":\"2020-12-08T08:07:03+00:00\",\"dateModified\":\"2020-12-08T11:26:00+00:00\",\"breadcrumb\":{\"@id\":\"https:\/\/beat.sitter-liver.ch\/index.php\/publikationen\/hauptschriften\/#breadcrumb\"},\"inLanguage\":\"de-CH\",\"potentialAction\":[{\"@type\":\"ReadAction\",\"target\":[\"https:\/\/beat.sitter-liver.ch\/index.php\/publikationen\/hauptschriften\/\"]}]},{\"@type\":\"BreadcrumbList\",\"@id\":\"https:\/\/beat.sitter-liver.ch\/index.php\/publikationen\/hauptschriften\/#breadcrumb\",\"itemListElement\":[{\"@type\":\"ListItem\",\"position\":1,\"name\":\"Home\",\"item\":\"https:\/\/beat.sitter-liver.ch\/\"},{\"@type\":\"ListItem\",\"position\":2,\"name\":\"Publikationen\",\"item\":\"https:\/\/beat.sitter-liver.ch\/index.php\/publikationen\/\"},{\"@type\":\"ListItem\",\"position\":3,\"name\":\"Hauptschriften\"}]},{\"@type\":\"WebSite\",\"@id\":\"https:\/\/beat.sitter-liver.ch\/#website\",\"url\":\"https:\/\/beat.sitter-liver.ch\/\",\"name\":\"Beat Sitter-Liver\",\"description\":\"Professor emeritus f\u00fcr praktische Philosophie\",\"publisher\":{\"@id\":\"https:\/\/beat.sitter-liver.ch\/#\/schema\/person\/e6afd7bd6477b9c2428162990ed62b04\"},\"potentialAction\":[{\"@type\":\"SearchAction\",\"target\":{\"@type\":\"EntryPoint\",\"urlTemplate\":\"https:\/\/beat.sitter-liver.ch\/?s={search_term_string}\"},\"query-input\":\"required name=search_term_string\"}],\"inLanguage\":\"de-CH\"},{\"@type\":[\"Person\",\"Organization\"],\"@id\":\"https:\/\/beat.sitter-liver.ch\/#\/schema\/person\/e6afd7bd6477b9c2428162990ed62b04\",\"name\":\"admin\",\"image\":{\"@type\":\"ImageObject\",\"inLanguage\":\"de-CH\",\"@id\":\"https:\/\/beat.sitter-liver.ch\/#\/schema\/person\/image\/\",\"url\":\"https:\/\/secure.gravatar.com\/avatar\/2864240c2fd3586545466e643f5601c2?s=96&d=blank&r=g\",\"contentUrl\":\"https:\/\/secure.gravatar.com\/avatar\/2864240c2fd3586545466e643f5601c2?s=96&d=blank&r=g\",\"caption\":\"admin\"},\"logo\":{\"@id\":\"https:\/\/beat.sitter-liver.ch\/#\/schema\/person\/image\/\"},\"sameAs\":[\"https:\/\/beat.sitter-liver.ch\"]}]}<\/script>\n<!-- \/ Yoast SEO plugin. -->","yoast_head_json":{"title":"Hauptschriften | Beat Sitter-Liver","robots":{"index":"index","follow":"follow","max-snippet":"max-snippet:-1","max-image-preview":"max-image-preview:large","max-video-preview":"max-video-preview:-1"},"canonical":"https:\/\/beat.sitter-liver.ch\/index.php\/publikationen\/hauptschriften\/","og_locale":"de_DE","og_type":"article","og_title":"Hauptschriften | Beat Sitter-Liver","og_description":"Gerechte Organallokation. Zur Verteilung knapper medizinischer G\u00fcter in der Transplantationsmedizin. Academic Press Fribourg. Freiburg 2003 Der Einspruch der Geisteswissenschaften. Ausgew\u00e4hlte Schriften. hg. im Auftrag der Schweizerischen Akademie der Geistes- und&hellip;","og_url":"https:\/\/beat.sitter-liver.ch\/index.php\/publikationen\/hauptschriften\/","og_site_name":"Beat Sitter-Liver","article_modified_time":"2020-12-08T11:26:00+00:00","twitter_card":"summary_large_image","twitter_misc":{"Gesch\u00e4tzte Lesezeit":"1 Minute"},"schema":{"@context":"https:\/\/schema.org","@graph":[{"@type":"WebPage","@id":"https:\/\/beat.sitter-liver.ch\/index.php\/publikationen\/hauptschriften\/","url":"https:\/\/beat.sitter-liver.ch\/index.php\/publikationen\/hauptschriften\/","name":"Hauptschriften | Beat Sitter-Liver","isPartOf":{"@id":"https:\/\/beat.sitter-liver.ch\/#website"},"datePublished":"2020-12-08T08:07:03+00:00","dateModified":"2020-12-08T11:26:00+00:00","breadcrumb":{"@id":"https:\/\/beat.sitter-liver.ch\/index.php\/publikationen\/hauptschriften\/#breadcrumb"},"inLanguage":"de-CH","potentialAction":[{"@type":"ReadAction","target":["https:\/\/beat.sitter-liver.ch\/index.php\/publikationen\/hauptschriften\/"]}]},{"@type":"BreadcrumbList","@id":"https:\/\/beat.sitter-liver.ch\/index.php\/publikationen\/hauptschriften\/#breadcrumb","itemListElement":[{"@type":"ListItem","position":1,"name":"Home","item":"https:\/\/beat.sitter-liver.ch\/"},{"@type":"ListItem","position":2,"name":"Publikationen","item":"https:\/\/beat.sitter-liver.ch\/index.php\/publikationen\/"},{"@type":"ListItem","position":3,"name":"Hauptschriften"}]},{"@type":"WebSite","@id":"https:\/\/beat.sitter-liver.ch\/#website","url":"https:\/\/beat.sitter-liver.ch\/","name":"Beat Sitter-Liver","description":"Professor emeritus f\u00fcr praktische Philosophie","publisher":{"@id":"https:\/\/beat.sitter-liver.ch\/#\/schema\/person\/e6afd7bd6477b9c2428162990ed62b04"},"potentialAction":[{"@type":"SearchAction","target":{"@type":"EntryPoint","urlTemplate":"https:\/\/beat.sitter-liver.ch\/?s={search_term_string}"},"query-input":"required name=search_term_string"}],"inLanguage":"de-CH"},{"@type":["Person","Organization"],"@id":"https:\/\/beat.sitter-liver.ch\/#\/schema\/person\/e6afd7bd6477b9c2428162990ed62b04","name":"admin","image":{"@type":"ImageObject","inLanguage":"de-CH","@id":"https:\/\/beat.sitter-liver.ch\/#\/schema\/person\/image\/","url":"https:\/\/secure.gravatar.com\/avatar\/2864240c2fd3586545466e643f5601c2?s=96&d=blank&r=g","contentUrl":"https:\/\/secure.gravatar.com\/avatar\/2864240c2fd3586545466e643f5601c2?s=96&d=blank&r=g","caption":"admin"},"logo":{"@id":"https:\/\/beat.sitter-liver.ch\/#\/schema\/person\/image\/"},"sameAs":["https:\/\/beat.sitter-liver.ch"]}]}},"jetpack_sharing_enabled":true,"_links":{"self":[{"href":"https:\/\/beat.sitter-liver.ch\/index.php\/wp-json\/wp\/v2\/pages\/120"}],"collection":[{"href":"https:\/\/beat.sitter-liver.ch\/index.php\/wp-json\/wp\/v2\/pages"}],"about":[{"href":"https:\/\/beat.sitter-liver.ch\/index.php\/wp-json\/wp\/v2\/types\/page"}],"author":[{"embeddable":true,"href":"https:\/\/beat.sitter-liver.ch\/index.php\/wp-json\/wp\/v2\/users\/1"}],"replies":[{"embeddable":true,"href":"https:\/\/beat.sitter-liver.ch\/index.php\/wp-json\/wp\/v2\/comments?post=120"}],"version-history":[{"count":5,"href":"https:\/\/beat.sitter-liver.ch\/index.php\/wp-json\/wp\/v2\/pages\/120\/revisions"}],"predecessor-version":[{"id":155,"href":"https:\/\/beat.sitter-liver.ch\/index.php\/wp-json\/wp\/v2\/pages\/120\/revisions\/155"}],"up":[{"embeddable":true,"href":"https:\/\/beat.sitter-liver.ch\/index.php\/wp-json\/wp\/v2\/pages\/44"}],"wp:attachment":[{"href":"https:\/\/beat.sitter-liver.ch\/index.php\/wp-json\/wp\/v2\/media?parent=120"}],"curies":[{"name":"wp","href":"https:\/\/api.w.org\/{rel}","templated":true}]}}