{"id":124,"date":"2020-12-08T08:11:11","date_gmt":"2020-12-08T08:11:11","guid":{"rendered":"https:\/\/beat.sitter-liver.ch\/wordpress\/?page_id=124"},"modified":"2020-12-08T16:36:35","modified_gmt":"2020-12-08T16:36:35","slug":"rezensionen-und-berichte","status":"publish","type":"page","link":"https:\/\/beat.sitter-liver.ch\/index.php\/publikationen\/rezensionen-und-berichte\/","title":{"rendered":"Rezensionen und Berichte"},"content":{"rendered":"\n<h3 class=\"wp-block-heading\">Rezensionen<\/h3>\n\n\n\n<p>Humanismus als Verm\u00e4chtnis und Herausforderung. Rezensionsartikel zu Mayer-Tasch, Peter Cornelius: Mitte und Mass. Leitbild des Humanismus von den Urspr\u00fcngen bis zur Gegenwart. In: Zeitschrift f\u00fcr Philosophie und Theologie 56. 2009, Band 2. Seiten 509-515<\/p>\n\n\n\n<p>Mayer-Tasch, Peter Cornelius. Mitte und Mass. Leitbild des Humanismus von den Urspr\u00fcngen bis zur Gegenwart. Baden-Baden 2006, Nomos Verlagsgesellschaft. In: Zeitschrift f\u00fcr Politik 56. 3\/2009. Seiten 367\u2013371<\/p>\n\n\n\n<p>Rehmann-Sutter, Chr.: Leben beschreiben. \u00dcber Handlungszusammenh\u00e4nge in der Biologie. W\u00fcrzburg 1996. In: Zeitschrift f\u00fcr philosophische Forschung 53. 1999. Seiten 147\u2013152<\/p>\n\n\n\n<p>St\u00f6cker, E. (Hg.): Ethik der Wissenschaften? Philosophische Fragen. M\u00fcnchen \/ Paderborn \/ Wien 1984. In: Zeitschrift f\u00fcr philosophische Forschung 40. 1986. Seiten 455\u2013459<\/p>\n\n\n\n<p>Teutsch, G. M.: Lexikon der Umweltethik. G\u00f6ttingen \/ D\u00fcsseldorf 1985. In: Der kleine Bund. Beilage f\u00fcr Literatur und Kunst (unter dem Titel: Umweltethik \u2013 ein neues weites Arbeitsfeld). Nr 277. 28. September 1985. Seite 1<\/p>\n\n\n\n<p>Witschel, G.: Ethik auf realistischer Grundlage. Bonn, 1981. In: Philosophischer Literaturanzeiger 36. 1983. Seiten 257\u2013259<\/p>\n\n\n\n<p>L\u00fcbbe, H.: Geschichtsbegriff und Geschichtsinteresse. Analytik und Pragmatik der Historie, Basel 1977. In: Freiburger Zeitschrift f\u00fcr Philosophie und Theologie 30. 1983. Seiten 225\u2013227<\/p>\n\n\n\n<p>Strasser, P.: Wirklichkeitskonstruktion und Rationalit\u00e4t. Ein Versuch \u00fcber den Relativismus. Freiburg \/ M\u00fcnchen 1980. In: Archiv f\u00fcr Rechts- und Sozialphilosophie LXVII. 1981. Seiten 285\u2013287<\/p>\n\n\n\n<p>Berk, U.: Konstruktive Argumentationstheorie. Stuttgart \/ Bad Cannstatt 1979. In: Philosophischer Literaturanzeiger 34. 1981. Seiten 142\u2013145<\/p>\n\n\n\n<p>Albert, H.: Traktat \u00fcber rationale Praxis. T\u00fcbingen 1978. In: Allgemeine Zeitschrift f\u00fcr Philosophie. 1981, Heft 3. Seiten 69\u201377<\/p>\n\n\n\n<p>H\u00f6ffe, O.: Ethik und Politik. Grundmodelle und Grundprobleme der praktischen Philosophie. Frankfurt a.M. 1979. In: Zeitschrift f\u00fcr philosophische Forschung 34. 1980. Seiten 670\u2013674<\/p>\n\n\n\n<p>G\u00f6lz, W.: Begr\u00fcndungsprobleme der praktischen Philosophie. Stuttgart \/ Bad Cannstatt 1978. In: Philosophischer Literaturanzeiger 33. 1980. Seiten 118\u2013120<\/p>\n\n\n\n<p>K\u00fcnzli, A.: Tradition und Revolution. Zur Theorie eines nachmarxistischen Sozialismus. In: Philosophischer Literaturanzeiger 31. 1978. Seiten 24\u201327<\/p>\n\n\n\n<h3 class=\"wp-block-heading\">Berichte<\/h3>\n\n\n\n<p>Gegens\u00e4tze und Harmonisierungen. Jahrestagung der Schweizerischen Vereinigung f\u00fcr Rechts- und Sozialphilosophie zum Thema &#171;Gesellschaft ohne innere Feinde?&#187;. In: Neue Z\u00fcrcher Zeitung Nr 279. 30. November 1990. Seite 28<\/p>\n\n\n\n<p>Thesen zur politischen Anthropologie. Ein Symposium in Freiburg. In: Neue Z\u00fcrcher Zeitung Nr. 47. 26. Februar 1990. Seite 21<\/p>\n\n\n\n<p>Der Mensch &#8211; ein politisches Tier? In: Zeitschrift f\u00fcr philosophische Forschung 44. 1990, Heft 4. Seiten 662\u2013665<\/p>\n\n\n\n<p><\/p>\n","protected":false},"excerpt":{"rendered":"<p>Rezensionen Humanismus als Verm\u00e4chtnis und Herausforderung. Rezensionsartikel zu Mayer-Tasch, Peter Cornelius: Mitte und Mass. Leitbild des Humanismus von den Urspr\u00fcngen bis zur Gegenwart. In: Zeitschrift f\u00fcr Philosophie und Theologie 56.&hellip;<\/p>\n","protected":false},"author":1,"featured_media":0,"parent":44,"menu_order":4,"comment_status":"closed","ping_status":"closed","template":"","meta":{"footnotes":""},"yoast_head":"<!-- This site is optimized with the Yoast SEO plugin v22.6 - https:\/\/yoast.com\/wordpress\/plugins\/seo\/ -->\n<title>Rezensionen und Berichte | Beat Sitter-Liver<\/title>\n<meta name=\"robots\" content=\"index, follow, max-snippet:-1, max-image-preview:large, max-video-preview:-1\" \/>\n<link rel=\"canonical\" href=\"https:\/\/beat.sitter-liver.ch\/index.php\/publikationen\/rezensionen-und-berichte\/\" \/>\n<meta property=\"og:locale\" content=\"de_DE\" \/>\n<meta property=\"og:type\" content=\"article\" \/>\n<meta property=\"og:title\" content=\"Rezensionen und Berichte | Beat Sitter-Liver\" \/>\n<meta property=\"og:description\" content=\"Rezensionen Humanismus als Verm\u00e4chtnis und Herausforderung. Rezensionsartikel zu Mayer-Tasch, Peter Cornelius: Mitte und Mass. Leitbild des Humanismus von den Urspr\u00fcngen bis zur Gegenwart. In: Zeitschrift f\u00fcr Philosophie und Theologie 56.&hellip;\" \/>\n<meta property=\"og:url\" content=\"https:\/\/beat.sitter-liver.ch\/index.php\/publikationen\/rezensionen-und-berichte\/\" \/>\n<meta property=\"og:site_name\" content=\"Beat Sitter-Liver\" \/>\n<meta property=\"article:modified_time\" content=\"2020-12-08T16:36:35+00:00\" \/>\n<meta name=\"twitter:card\" content=\"summary_large_image\" \/>\n<meta name=\"twitter:label1\" content=\"Gesch\u00e4tzte Lesezeit\" \/>\n\t<meta name=\"twitter:data1\" content=\"2 Minuten\" \/>\n<script type=\"application\/ld+json\" class=\"yoast-schema-graph\">{\"@context\":\"https:\/\/schema.org\",\"@graph\":[{\"@type\":\"WebPage\",\"@id\":\"https:\/\/beat.sitter-liver.ch\/index.php\/publikationen\/rezensionen-und-berichte\/\",\"url\":\"https:\/\/beat.sitter-liver.ch\/index.php\/publikationen\/rezensionen-und-berichte\/\",\"name\":\"Rezensionen und Berichte | Beat Sitter-Liver\",\"isPartOf\":{\"@id\":\"https:\/\/beat.sitter-liver.ch\/#website\"},\"datePublished\":\"2020-12-08T08:11:11+00:00\",\"dateModified\":\"2020-12-08T16:36:35+00:00\",\"breadcrumb\":{\"@id\":\"https:\/\/beat.sitter-liver.ch\/index.php\/publikationen\/rezensionen-und-berichte\/#breadcrumb\"},\"inLanguage\":\"de-CH\",\"potentialAction\":[{\"@type\":\"ReadAction\",\"target\":[\"https:\/\/beat.sitter-liver.ch\/index.php\/publikationen\/rezensionen-und-berichte\/\"]}]},{\"@type\":\"BreadcrumbList\",\"@id\":\"https:\/\/beat.sitter-liver.ch\/index.php\/publikationen\/rezensionen-und-berichte\/#breadcrumb\",\"itemListElement\":[{\"@type\":\"ListItem\",\"position\":1,\"name\":\"Home\",\"item\":\"https:\/\/beat.sitter-liver.ch\/\"},{\"@type\":\"ListItem\",\"position\":2,\"name\":\"Publikationen\",\"item\":\"https:\/\/beat.sitter-liver.ch\/index.php\/publikationen\/\"},{\"@type\":\"ListItem\",\"position\":3,\"name\":\"Rezensionen und Berichte\"}]},{\"@type\":\"WebSite\",\"@id\":\"https:\/\/beat.sitter-liver.ch\/#website\",\"url\":\"https:\/\/beat.sitter-liver.ch\/\",\"name\":\"Beat Sitter-Liver\",\"description\":\"Professor emeritus f\u00fcr praktische Philosophie\",\"publisher\":{\"@id\":\"https:\/\/beat.sitter-liver.ch\/#\/schema\/person\/e6afd7bd6477b9c2428162990ed62b04\"},\"potentialAction\":[{\"@type\":\"SearchAction\",\"target\":{\"@type\":\"EntryPoint\",\"urlTemplate\":\"https:\/\/beat.sitter-liver.ch\/?s={search_term_string}\"},\"query-input\":\"required name=search_term_string\"}],\"inLanguage\":\"de-CH\"},{\"@type\":[\"Person\",\"Organization\"],\"@id\":\"https:\/\/beat.sitter-liver.ch\/#\/schema\/person\/e6afd7bd6477b9c2428162990ed62b04\",\"name\":\"admin\",\"image\":{\"@type\":\"ImageObject\",\"inLanguage\":\"de-CH\",\"@id\":\"https:\/\/beat.sitter-liver.ch\/#\/schema\/person\/image\/\",\"url\":\"https:\/\/secure.gravatar.com\/avatar\/2864240c2fd3586545466e643f5601c2?s=96&d=blank&r=g\",\"contentUrl\":\"https:\/\/secure.gravatar.com\/avatar\/2864240c2fd3586545466e643f5601c2?s=96&d=blank&r=g\",\"caption\":\"admin\"},\"logo\":{\"@id\":\"https:\/\/beat.sitter-liver.ch\/#\/schema\/person\/image\/\"},\"sameAs\":[\"https:\/\/beat.sitter-liver.ch\"]}]}<\/script>\n<!-- \/ Yoast SEO plugin. -->","yoast_head_json":{"title":"Rezensionen und Berichte | Beat Sitter-Liver","robots":{"index":"index","follow":"follow","max-snippet":"max-snippet:-1","max-image-preview":"max-image-preview:large","max-video-preview":"max-video-preview:-1"},"canonical":"https:\/\/beat.sitter-liver.ch\/index.php\/publikationen\/rezensionen-und-berichte\/","og_locale":"de_DE","og_type":"article","og_title":"Rezensionen und Berichte | Beat Sitter-Liver","og_description":"Rezensionen Humanismus als Verm\u00e4chtnis und Herausforderung. Rezensionsartikel zu Mayer-Tasch, Peter Cornelius: Mitte und Mass. Leitbild des Humanismus von den Urspr\u00fcngen bis zur Gegenwart. In: Zeitschrift f\u00fcr Philosophie und Theologie 56.&hellip;","og_url":"https:\/\/beat.sitter-liver.ch\/index.php\/publikationen\/rezensionen-und-berichte\/","og_site_name":"Beat Sitter-Liver","article_modified_time":"2020-12-08T16:36:35+00:00","twitter_card":"summary_large_image","twitter_misc":{"Gesch\u00e4tzte Lesezeit":"2 Minuten"},"schema":{"@context":"https:\/\/schema.org","@graph":[{"@type":"WebPage","@id":"https:\/\/beat.sitter-liver.ch\/index.php\/publikationen\/rezensionen-und-berichte\/","url":"https:\/\/beat.sitter-liver.ch\/index.php\/publikationen\/rezensionen-und-berichte\/","name":"Rezensionen und Berichte | Beat Sitter-Liver","isPartOf":{"@id":"https:\/\/beat.sitter-liver.ch\/#website"},"datePublished":"2020-12-08T08:11:11+00:00","dateModified":"2020-12-08T16:36:35+00:00","breadcrumb":{"@id":"https:\/\/beat.sitter-liver.ch\/index.php\/publikationen\/rezensionen-und-berichte\/#breadcrumb"},"inLanguage":"de-CH","potentialAction":[{"@type":"ReadAction","target":["https:\/\/beat.sitter-liver.ch\/index.php\/publikationen\/rezensionen-und-berichte\/"]}]},{"@type":"BreadcrumbList","@id":"https:\/\/beat.sitter-liver.ch\/index.php\/publikationen\/rezensionen-und-berichte\/#breadcrumb","itemListElement":[{"@type":"ListItem","position":1,"name":"Home","item":"https:\/\/beat.sitter-liver.ch\/"},{"@type":"ListItem","position":2,"name":"Publikationen","item":"https:\/\/beat.sitter-liver.ch\/index.php\/publikationen\/"},{"@type":"ListItem","position":3,"name":"Rezensionen und Berichte"}]},{"@type":"WebSite","@id":"https:\/\/beat.sitter-liver.ch\/#website","url":"https:\/\/beat.sitter-liver.ch\/","name":"Beat Sitter-Liver","description":"Professor emeritus f\u00fcr praktische Philosophie","publisher":{"@id":"https:\/\/beat.sitter-liver.ch\/#\/schema\/person\/e6afd7bd6477b9c2428162990ed62b04"},"potentialAction":[{"@type":"SearchAction","target":{"@type":"EntryPoint","urlTemplate":"https:\/\/beat.sitter-liver.ch\/?s={search_term_string}"},"query-input":"required name=search_term_string"}],"inLanguage":"de-CH"},{"@type":["Person","Organization"],"@id":"https:\/\/beat.sitter-liver.ch\/#\/schema\/person\/e6afd7bd6477b9c2428162990ed62b04","name":"admin","image":{"@type":"ImageObject","inLanguage":"de-CH","@id":"https:\/\/beat.sitter-liver.ch\/#\/schema\/person\/image\/","url":"https:\/\/secure.gravatar.com\/avatar\/2864240c2fd3586545466e643f5601c2?s=96&d=blank&r=g","contentUrl":"https:\/\/secure.gravatar.com\/avatar\/2864240c2fd3586545466e643f5601c2?s=96&d=blank&r=g","caption":"admin"},"logo":{"@id":"https:\/\/beat.sitter-liver.ch\/#\/schema\/person\/image\/"},"sameAs":["https:\/\/beat.sitter-liver.ch"]}]}},"jetpack_sharing_enabled":true,"_links":{"self":[{"href":"https:\/\/beat.sitter-liver.ch\/index.php\/wp-json\/wp\/v2\/pages\/124"}],"collection":[{"href":"https:\/\/beat.sitter-liver.ch\/index.php\/wp-json\/wp\/v2\/pages"}],"about":[{"href":"https:\/\/beat.sitter-liver.ch\/index.php\/wp-json\/wp\/v2\/types\/page"}],"author":[{"embeddable":true,"href":"https:\/\/beat.sitter-liver.ch\/index.php\/wp-json\/wp\/v2\/users\/1"}],"replies":[{"embeddable":true,"href":"https:\/\/beat.sitter-liver.ch\/index.php\/wp-json\/wp\/v2\/comments?post=124"}],"version-history":[{"count":5,"href":"https:\/\/beat.sitter-liver.ch\/index.php\/wp-json\/wp\/v2\/pages\/124\/revisions"}],"predecessor-version":[{"id":170,"href":"https:\/\/beat.sitter-liver.ch\/index.php\/wp-json\/wp\/v2\/pages\/124\/revisions\/170"}],"up":[{"embeddable":true,"href":"https:\/\/beat.sitter-liver.ch\/index.php\/wp-json\/wp\/v2\/pages\/44"}],"wp:attachment":[{"href":"https:\/\/beat.sitter-liver.ch\/index.php\/wp-json\/wp\/v2\/media?parent=124"}],"curies":[{"name":"wp","href":"https:\/\/api.w.org\/{rel}","templated":true}]}}