{"id":126,"date":"2020-12-08T08:11:43","date_gmt":"2020-12-08T08:11:43","guid":{"rendered":"https:\/\/beat.sitter-liver.ch\/wordpress\/?page_id=126"},"modified":"2020-12-08T16:38:52","modified_gmt":"2020-12-08T16:38:52","slug":"miscellanea","status":"publish","type":"page","link":"https:\/\/beat.sitter-liver.ch\/index.php\/publikationen\/miscellanea\/","title":{"rendered":"Miscellanea"},"content":{"rendered":"\n<p>Laudatio f\u00fcr Walter K\u00e4lin, Tr\u00e4ger des Brandenberger-Preises 2005. (gek\u00fcrzte Vortragsfassung). In: Schweizerische Zeitschrift f\u00fcr internationales und europ\u00e4isches Recht 15. Schulthess Verlag. Z\u00fcrich 2005. Seiten 573-583<\/p>\n\n\n\n<p>Eine Herausforderung der Menschenw\u00fcrde. Gedanken zu Tierschutz und -w\u00fcrde. In: Neue Z\u00fcrcher Zeitung Nr. 175. 30. Juli 2004. Seite 15<\/p>\n\n\n\n<p>Akademien (Wissenschaften). In: Historisches Lexikon der Schweiz, Band 1. Schwabe &amp; Co. Basel 2002, Seite 157<\/p>\n\n\n\n<p>Le r\u00f4le de l&#8217;Academie suisse des sciences humaines et sociales dans la dynamique des sciences sociales. Dans: Le devenir des sciences sociales en Suisse. Colloque, Neuch\u00e2tel, 23.3.2001. Schweizerische Akademie f\u00fcr Geistes- und Sozialwissenschaften (Hrsg.). Bern 2001. Pages 49\u201356<\/p>\n\n\n\n<p>Die biotechnische Revolution &#8211; Brauchen wir eine neue Ethik? In: Biothehnologie. Verlagsbeilage zur Frankfurter Allgemeinen Zeitung Nr. 205. 4. September 2000. Seite B2<\/p>\n\n\n\n<p>Verfassung ohen &#171;dignit\u00e9 de la cr\u00e9ature&#187;. Unkorrekte \u00c4nderung im Nachf\u00fchrungsprozess. In: Neue Z\u00fcrcher Zeitung Nr. 170. 26. Juli 1999. Seite 9<\/p>\n\n\n\n<p>Freilich, was ist n\u00fctzlich? Der Ertrag der Geisteswissenschaften. In: St. Galler Tagblatt, Rubrik &#171;Wissen&#187;. 17. Februar 1997<\/p>\n\n\n\n<p>Kunstvermittlung zwischen Kommerz, Trend und Verantwortung. Einige Leitfragen. In: Kunstvermittlung zwischen Kommerz, Trend und Verantwortung. Schweizerische Akademie der Geistes- und Sozialwissenschaften (Hrsg.). Bern 1996. Seiten 7\u20139<\/p>\n\n\n\n<p>In einem tieferen Sinne der Gemeinschaft n\u00fctzen. In: Der kleine Bund. Kulturbeilage Nr. 245. Samstag, 19. Oktober 1996. Seite 1f<\/p>\n\n\n\n<p>Welches Dach f\u00fcr die Forschung und Lehre? Die Wissenschaftspolitik und die Verwaltungsreform. In: Neue Z\u00fcrcher Zeitung Nr. 285. 6. Dezember 1996. Seite 15<\/p>\n\n\n\n<p>Die Akademien im Blick. In: Festschrift zum 70. Geburtstag von Urs Hochstrasser. T. und M. Hochstrasser (red.). Bern 1996<\/p>\n\n\n\n<p>Ein Brennpunkt kulturwissenschaftlicher Arbeit. In: CIVITAS. Monatszeitschrift f\u00fcr Politik und Kultur 50. 1995 Heft 3\/4. Seite 58<\/p>\n\n\n\n<p>Miteinander statt gegeneinander. In: Beitr\u00e4ge zur Herbsttagung der Schweizerischen Akademie der Geistes- und Sozialwissenschaften sowie der Gruppe &#171;Ingenieure f\u00fcr die Schweiz von morgen&#187; vom 3.11.1994. Einf\u00fchrung. Bern 1995. Seiten 5\u20138<\/p>\n\n\n\n<p>Zanurowalismy sie w twierdzy antropozentryzmu. (Verlust der Natur). In: Prawda Moralna \/ Dobro Moralne. Festschrift f\u00fcr Ija Lazari-Pawlowska. Wydawnictwo Universytetu Lodzkiego. Lodz 1993. Seiten 167f<\/p>\n\n\n\n<p>Kulturwissenschaften f\u00fcr unsere Zukunft. In: Aargauer Tagblatt Nr. 182. 7. August 1993. Seite 8<\/p>\n\n\n\n<p>Wieso sind in Schweizer St\u00e4dten so wenig Gr\u00fcnfl\u00e4chen und Fussg\u00e4ngerzonen vorhanden?. In: Jugend fragt \u2013 Wissenschaft antwortet. Schweizerischer Wissenschaftsrat (Hrsg.). Paul Haupt Verlag. Bern 1992. Seiten 39\u201342<\/p>\n\n\n\n<p>Des centres de recherches en sciences humaines en dehors des universit\u00e9s. Dans: Archivo Storica Ticinese XXIX. 1992, numero 111. Pages 175\u2013184<\/p>\n\n\n\n<p>Stunde der Geisteswissenschaften?. In: Neue Z\u00fcrcher Zeitung Nr. 183. 10.\/11. August 1991. Seite 19<\/p>\n\n\n\n<p>Geistes- und Sozialwissenschaften. In: G. M\u00fcller. HEUREKA. Nationale Forschungsausstellung. Z\u00fcrcher Forum. Z\u00fcrich 1991. Seite 24<\/p>\n\n\n\n<p>Akademien in einer gef\u00e4hrdeten Welt. Geistige Tradition und neue Aufgaben. In: Neue Z\u00fcrcher Zeitung Nr. 109. 12.\/13. Mai 1990. Seite 25<\/p>\n\n\n\n<p>Sind Tiere Sachen? In: Bulletin der Schweizerischen Akademie der Geisteswissenschaften und der Schweizerischen Akademie der Naturwissenschaften XIII. 1988, Heft 2. Seiten 34\u201336<br>und in: Alternativen zu Tierexperimenten. Juni 1988, Nr. 8. Seiten 3f.<\/p>\n\n\n\n<p>Wie schreitet Wisssenschaft fort? In: Bulletin der Schweizerischen Akademie der Geisteswissenschaften und der Schweizerischen Akademie der Naturwissenschaften XIII. 1988, Heft 2. Seiten 4\u20139<\/p>\n\n\n\n<p>Die Schweizerische Naturforschende Gesellschaft (SNG) \u2013 wissenschaftliche Gesellschaft und Akademie. In: CHIMIA 34. 1980, Heft 3. Seiten 146\u2013151<\/p>\n","protected":false},"excerpt":{"rendered":"<p>Laudatio f\u00fcr Walter K\u00e4lin, Tr\u00e4ger des Brandenberger-Preises 2005. (gek\u00fcrzte Vortragsfassung). In: Schweizerische Zeitschrift f\u00fcr internationales und europ\u00e4isches Recht 15. Schulthess Verlag. Z\u00fcrich 2005. Seiten 573-583 Eine Herausforderung der Menschenw\u00fcrde. Gedanken&hellip;<\/p>\n","protected":false},"author":1,"featured_media":0,"parent":44,"menu_order":5,"comment_status":"closed","ping_status":"closed","template":"","meta":{"footnotes":""},"yoast_head":"<!-- This site is optimized with the Yoast SEO plugin v22.6 - https:\/\/yoast.com\/wordpress\/plugins\/seo\/ -->\n<title>Miscellanea | Beat Sitter-Liver<\/title>\n<meta name=\"robots\" content=\"index, follow, max-snippet:-1, max-image-preview:large, max-video-preview:-1\" \/>\n<link rel=\"canonical\" href=\"https:\/\/beat.sitter-liver.ch\/index.php\/publikationen\/miscellanea\/\" \/>\n<meta property=\"og:locale\" content=\"de_DE\" \/>\n<meta property=\"og:type\" content=\"article\" \/>\n<meta property=\"og:title\" content=\"Miscellanea | Beat Sitter-Liver\" \/>\n<meta property=\"og:description\" content=\"Laudatio f\u00fcr Walter K\u00e4lin, Tr\u00e4ger des Brandenberger-Preises 2005. (gek\u00fcrzte Vortragsfassung). In: Schweizerische Zeitschrift f\u00fcr internationales und europ\u00e4isches Recht 15. Schulthess Verlag. Z\u00fcrich 2005. Seiten 573-583 Eine Herausforderung der Menschenw\u00fcrde. Gedanken&hellip;\" \/>\n<meta property=\"og:url\" content=\"https:\/\/beat.sitter-liver.ch\/index.php\/publikationen\/miscellanea\/\" \/>\n<meta property=\"og:site_name\" content=\"Beat Sitter-Liver\" \/>\n<meta property=\"article:modified_time\" content=\"2020-12-08T16:38:52+00:00\" \/>\n<meta name=\"twitter:card\" content=\"summary_large_image\" \/>\n<meta name=\"twitter:label1\" content=\"Gesch\u00e4tzte Lesezeit\" \/>\n\t<meta name=\"twitter:data1\" content=\"2 Minuten\" \/>\n<script type=\"application\/ld+json\" class=\"yoast-schema-graph\">{\"@context\":\"https:\/\/schema.org\",\"@graph\":[{\"@type\":\"WebPage\",\"@id\":\"https:\/\/beat.sitter-liver.ch\/index.php\/publikationen\/miscellanea\/\",\"url\":\"https:\/\/beat.sitter-liver.ch\/index.php\/publikationen\/miscellanea\/\",\"name\":\"Miscellanea | Beat Sitter-Liver\",\"isPartOf\":{\"@id\":\"https:\/\/beat.sitter-liver.ch\/#website\"},\"datePublished\":\"2020-12-08T08:11:43+00:00\",\"dateModified\":\"2020-12-08T16:38:52+00:00\",\"breadcrumb\":{\"@id\":\"https:\/\/beat.sitter-liver.ch\/index.php\/publikationen\/miscellanea\/#breadcrumb\"},\"inLanguage\":\"de-CH\",\"potentialAction\":[{\"@type\":\"ReadAction\",\"target\":[\"https:\/\/beat.sitter-liver.ch\/index.php\/publikationen\/miscellanea\/\"]}]},{\"@type\":\"BreadcrumbList\",\"@id\":\"https:\/\/beat.sitter-liver.ch\/index.php\/publikationen\/miscellanea\/#breadcrumb\",\"itemListElement\":[{\"@type\":\"ListItem\",\"position\":1,\"name\":\"Home\",\"item\":\"https:\/\/beat.sitter-liver.ch\/\"},{\"@type\":\"ListItem\",\"position\":2,\"name\":\"Publikationen\",\"item\":\"https:\/\/beat.sitter-liver.ch\/index.php\/publikationen\/\"},{\"@type\":\"ListItem\",\"position\":3,\"name\":\"Miscellanea\"}]},{\"@type\":\"WebSite\",\"@id\":\"https:\/\/beat.sitter-liver.ch\/#website\",\"url\":\"https:\/\/beat.sitter-liver.ch\/\",\"name\":\"Beat Sitter-Liver\",\"description\":\"Professor emeritus f\u00fcr praktische Philosophie\",\"publisher\":{\"@id\":\"https:\/\/beat.sitter-liver.ch\/#\/schema\/person\/e6afd7bd6477b9c2428162990ed62b04\"},\"potentialAction\":[{\"@type\":\"SearchAction\",\"target\":{\"@type\":\"EntryPoint\",\"urlTemplate\":\"https:\/\/beat.sitter-liver.ch\/?s={search_term_string}\"},\"query-input\":\"required name=search_term_string\"}],\"inLanguage\":\"de-CH\"},{\"@type\":[\"Person\",\"Organization\"],\"@id\":\"https:\/\/beat.sitter-liver.ch\/#\/schema\/person\/e6afd7bd6477b9c2428162990ed62b04\",\"name\":\"admin\",\"image\":{\"@type\":\"ImageObject\",\"inLanguage\":\"de-CH\",\"@id\":\"https:\/\/beat.sitter-liver.ch\/#\/schema\/person\/image\/\",\"url\":\"https:\/\/secure.gravatar.com\/avatar\/2864240c2fd3586545466e643f5601c2?s=96&d=blank&r=g\",\"contentUrl\":\"https:\/\/secure.gravatar.com\/avatar\/2864240c2fd3586545466e643f5601c2?s=96&d=blank&r=g\",\"caption\":\"admin\"},\"logo\":{\"@id\":\"https:\/\/beat.sitter-liver.ch\/#\/schema\/person\/image\/\"},\"sameAs\":[\"https:\/\/beat.sitter-liver.ch\"]}]}<\/script>\n<!-- \/ Yoast SEO plugin. -->","yoast_head_json":{"title":"Miscellanea | Beat Sitter-Liver","robots":{"index":"index","follow":"follow","max-snippet":"max-snippet:-1","max-image-preview":"max-image-preview:large","max-video-preview":"max-video-preview:-1"},"canonical":"https:\/\/beat.sitter-liver.ch\/index.php\/publikationen\/miscellanea\/","og_locale":"de_DE","og_type":"article","og_title":"Miscellanea | Beat Sitter-Liver","og_description":"Laudatio f\u00fcr Walter K\u00e4lin, Tr\u00e4ger des Brandenberger-Preises 2005. (gek\u00fcrzte Vortragsfassung). In: Schweizerische Zeitschrift f\u00fcr internationales und europ\u00e4isches Recht 15. Schulthess Verlag. Z\u00fcrich 2005. Seiten 573-583 Eine Herausforderung der Menschenw\u00fcrde. Gedanken&hellip;","og_url":"https:\/\/beat.sitter-liver.ch\/index.php\/publikationen\/miscellanea\/","og_site_name":"Beat Sitter-Liver","article_modified_time":"2020-12-08T16:38:52+00:00","twitter_card":"summary_large_image","twitter_misc":{"Gesch\u00e4tzte Lesezeit":"2 Minuten"},"schema":{"@context":"https:\/\/schema.org","@graph":[{"@type":"WebPage","@id":"https:\/\/beat.sitter-liver.ch\/index.php\/publikationen\/miscellanea\/","url":"https:\/\/beat.sitter-liver.ch\/index.php\/publikationen\/miscellanea\/","name":"Miscellanea | Beat Sitter-Liver","isPartOf":{"@id":"https:\/\/beat.sitter-liver.ch\/#website"},"datePublished":"2020-12-08T08:11:43+00:00","dateModified":"2020-12-08T16:38:52+00:00","breadcrumb":{"@id":"https:\/\/beat.sitter-liver.ch\/index.php\/publikationen\/miscellanea\/#breadcrumb"},"inLanguage":"de-CH","potentialAction":[{"@type":"ReadAction","target":["https:\/\/beat.sitter-liver.ch\/index.php\/publikationen\/miscellanea\/"]}]},{"@type":"BreadcrumbList","@id":"https:\/\/beat.sitter-liver.ch\/index.php\/publikationen\/miscellanea\/#breadcrumb","itemListElement":[{"@type":"ListItem","position":1,"name":"Home","item":"https:\/\/beat.sitter-liver.ch\/"},{"@type":"ListItem","position":2,"name":"Publikationen","item":"https:\/\/beat.sitter-liver.ch\/index.php\/publikationen\/"},{"@type":"ListItem","position":3,"name":"Miscellanea"}]},{"@type":"WebSite","@id":"https:\/\/beat.sitter-liver.ch\/#website","url":"https:\/\/beat.sitter-liver.ch\/","name":"Beat Sitter-Liver","description":"Professor emeritus f\u00fcr praktische Philosophie","publisher":{"@id":"https:\/\/beat.sitter-liver.ch\/#\/schema\/person\/e6afd7bd6477b9c2428162990ed62b04"},"potentialAction":[{"@type":"SearchAction","target":{"@type":"EntryPoint","urlTemplate":"https:\/\/beat.sitter-liver.ch\/?s={search_term_string}"},"query-input":"required name=search_term_string"}],"inLanguage":"de-CH"},{"@type":["Person","Organization"],"@id":"https:\/\/beat.sitter-liver.ch\/#\/schema\/person\/e6afd7bd6477b9c2428162990ed62b04","name":"admin","image":{"@type":"ImageObject","inLanguage":"de-CH","@id":"https:\/\/beat.sitter-liver.ch\/#\/schema\/person\/image\/","url":"https:\/\/secure.gravatar.com\/avatar\/2864240c2fd3586545466e643f5601c2?s=96&d=blank&r=g","contentUrl":"https:\/\/secure.gravatar.com\/avatar\/2864240c2fd3586545466e643f5601c2?s=96&d=blank&r=g","caption":"admin"},"logo":{"@id":"https:\/\/beat.sitter-liver.ch\/#\/schema\/person\/image\/"},"sameAs":["https:\/\/beat.sitter-liver.ch"]}]}},"jetpack_sharing_enabled":true,"_links":{"self":[{"href":"https:\/\/beat.sitter-liver.ch\/index.php\/wp-json\/wp\/v2\/pages\/126"}],"collection":[{"href":"https:\/\/beat.sitter-liver.ch\/index.php\/wp-json\/wp\/v2\/pages"}],"about":[{"href":"https:\/\/beat.sitter-liver.ch\/index.php\/wp-json\/wp\/v2\/types\/page"}],"author":[{"embeddable":true,"href":"https:\/\/beat.sitter-liver.ch\/index.php\/wp-json\/wp\/v2\/users\/1"}],"replies":[{"embeddable":true,"href":"https:\/\/beat.sitter-liver.ch\/index.php\/wp-json\/wp\/v2\/comments?post=126"}],"version-history":[{"count":6,"href":"https:\/\/beat.sitter-liver.ch\/index.php\/wp-json\/wp\/v2\/pages\/126\/revisions"}],"predecessor-version":[{"id":171,"href":"https:\/\/beat.sitter-liver.ch\/index.php\/wp-json\/wp\/v2\/pages\/126\/revisions\/171"}],"up":[{"embeddable":true,"href":"https:\/\/beat.sitter-liver.ch\/index.php\/wp-json\/wp\/v2\/pages\/44"}],"wp:attachment":[{"href":"https:\/\/beat.sitter-liver.ch\/index.php\/wp-json\/wp\/v2\/media?parent=126"}],"curies":[{"name":"wp","href":"https:\/\/api.w.org\/{rel}","templated":true}]}}