{"id":18,"date":"2020-12-06T08:55:59","date_gmt":"2020-12-06T08:55:59","guid":{"rendered":"https:\/\/beat.sitter-liver.ch\/wordpress\/?page_id=18"},"modified":"2022-02-13T18:32:44","modified_gmt":"2022-02-13T18:32:44","slug":"lebenslauf","status":"publish","type":"page","link":"https:\/\/beat.sitter-liver.ch\/index.php\/lebenslauf\/","title":{"rendered":"Lebenslauf"},"content":{"rendered":"\n<p>2022<br>gestorben am 31. Januar<\/p>\n\n\n\n<p>2003<br>Docteur \u00e8s sciences sociales, Universit\u00e9 de Lausanne<\/p>\n\n\n\n<p>seit 2001<br>Einf\u00fchrung in die Tierethik in Bern (Veterin\u00e4re) und Dozent im Nachdiplomkurs &#171;Kulturmanagement&#187; (Masterprogramm) in Basel.<\/p>\n\n\n\n<p>1999 &#8211; 2004<br>Dozent an der Eidgen\u00f6ssischen Technischen Hochschule in Z\u00fcrich.<\/p>\n\n\n\n<p>1988 \/ 96 \/ 98<br>Gastprofessor in Luzern.<\/p>\n\n\n\n<p>seit 1990<br>PD, ab 1994 Prof. tit. an der Universit\u00e4t Freiburg (Schweiz).<\/p>\n\n\n\n<p>1986 &#8211; 1987<br>Gastprofessor (Lehrstuhlvertretung) in M\u00fcnchen.<\/p>\n\n\n\n<p>1972 &#8211; 2002<br>Hauptberuflich Generalsekret\u00e4r der Schweizerischen Akademie der Geistes- und Sozialwissenschaften, bis 1991 auch der Schweizerischen Akademie der Naturwissenschaften (heute sc\/nat), ab 1981 zus\u00e4tzlich des Rats der schweizerischen wissenschaftlichen Akademien. 1979-1982 teilweise Beurlaubung f\u00fcr die Durchf\u00fchrung eines vom Schweizerischen Nationalfonds finanzierten Forschungsprojektes im Bereiche der Gerechtigkeitstheorie. Weiterf\u00fchrung der akademischen T\u00e4tigkeiten.<\/p>\n\n\n\n<p>1967 &#8211; 1972<br>Assistent am Philosophischen Seminar der Universit\u00e4t Bern; Lehrauftr\u00e4ge, sp\u00e4ter partielle Lehrstuhlvertretung.<\/p>\n\n\n\n<p>1965 &#8211; 1974<br>Am Gymnasium Hilfs-, sp\u00e4ter Hauptlehrer (mit beschr\u00e4nkter Stundenzahl) in Deutsch, Philosophie, Englisch.<\/p>\n\n\n\n<p>1958 &#8211; 1975<br>Studien in Bern (medizinisches Prop\u00e4deutikum); London (englische Sprache und Literatur); Reykjavik (Isl\u00e4ndisch); Bern (Philosophie, deutsche Sprache und Literatur, englische Sprache und Literatur, Rechts- und Staatstheorie); K\u00f6ln (Philosophie, deutsche Sprache, englische Literatur); Bern (Philosophie, deutsche Sprache und Literatur, englische Sprache und Literatur, Rechts- und Staatstheorie); hier ab 1972 ausgew\u00e4hlte Veranstaltungen an der Rechts- und wirtschaftswissenschaftlichen Fakult\u00e4t).<\/p>\n","protected":false},"excerpt":{"rendered":"<p>2022gestorben am 31. Januar 2003Docteur \u00e8s sciences sociales, Universit\u00e9 de Lausanne seit 2001Einf\u00fchrung in die Tierethik in Bern (Veterin\u00e4re) und Dozent im Nachdiplomkurs &#171;Kulturmanagement&#187; (Masterprogramm) in Basel. 1999 &#8211; 2004Dozent&hellip;<\/p>\n","protected":false},"author":1,"featured_media":0,"parent":0,"menu_order":0,"comment_status":"closed","ping_status":"closed","template":"","meta":{"footnotes":""},"yoast_head":"<!-- This site is optimized with the Yoast SEO plugin v22.6 - https:\/\/yoast.com\/wordpress\/plugins\/seo\/ -->\n<title>Lebenslauf | Beat Sitter-Liver<\/title>\n<meta name=\"robots\" content=\"index, follow, max-snippet:-1, max-image-preview:large, max-video-preview:-1\" \/>\n<link rel=\"canonical\" href=\"https:\/\/beat.sitter-liver.ch\/index.php\/lebenslauf\/\" \/>\n<meta property=\"og:locale\" content=\"de_DE\" \/>\n<meta property=\"og:type\" content=\"article\" \/>\n<meta property=\"og:title\" content=\"Lebenslauf | Beat Sitter-Liver\" \/>\n<meta property=\"og:description\" content=\"2022gestorben am 31. Januar 2003Docteur \u00e8s sciences sociales, Universit\u00e9 de Lausanne seit 2001Einf\u00fchrung in die Tierethik in Bern (Veterin\u00e4re) und Dozent im Nachdiplomkurs &#171;Kulturmanagement&#187; (Masterprogramm) in Basel. 1999 &#8211; 2004Dozent&hellip;\" \/>\n<meta property=\"og:url\" content=\"https:\/\/beat.sitter-liver.ch\/index.php\/lebenslauf\/\" \/>\n<meta property=\"og:site_name\" content=\"Beat Sitter-Liver\" \/>\n<meta property=\"article:modified_time\" content=\"2022-02-13T18:32:44+00:00\" \/>\n<meta name=\"twitter:card\" content=\"summary_large_image\" \/>\n<meta name=\"twitter:label1\" content=\"Gesch\u00e4tzte Lesezeit\" \/>\n\t<meta name=\"twitter:data1\" content=\"1 Minute\" \/>\n<script type=\"application\/ld+json\" class=\"yoast-schema-graph\">{\"@context\":\"https:\/\/schema.org\",\"@graph\":[{\"@type\":\"WebPage\",\"@id\":\"https:\/\/beat.sitter-liver.ch\/index.php\/lebenslauf\/\",\"url\":\"https:\/\/beat.sitter-liver.ch\/index.php\/lebenslauf\/\",\"name\":\"Lebenslauf | Beat Sitter-Liver\",\"isPartOf\":{\"@id\":\"https:\/\/beat.sitter-liver.ch\/#website\"},\"datePublished\":\"2020-12-06T08:55:59+00:00\",\"dateModified\":\"2022-02-13T18:32:44+00:00\",\"breadcrumb\":{\"@id\":\"https:\/\/beat.sitter-liver.ch\/index.php\/lebenslauf\/#breadcrumb\"},\"inLanguage\":\"de-CH\",\"potentialAction\":[{\"@type\":\"ReadAction\",\"target\":[\"https:\/\/beat.sitter-liver.ch\/index.php\/lebenslauf\/\"]}]},{\"@type\":\"BreadcrumbList\",\"@id\":\"https:\/\/beat.sitter-liver.ch\/index.php\/lebenslauf\/#breadcrumb\",\"itemListElement\":[{\"@type\":\"ListItem\",\"position\":1,\"name\":\"Home\",\"item\":\"https:\/\/beat.sitter-liver.ch\/\"},{\"@type\":\"ListItem\",\"position\":2,\"name\":\"Lebenslauf\"}]},{\"@type\":\"WebSite\",\"@id\":\"https:\/\/beat.sitter-liver.ch\/#website\",\"url\":\"https:\/\/beat.sitter-liver.ch\/\",\"name\":\"Beat Sitter-Liver\",\"description\":\"Professor emeritus f\u00fcr praktische Philosophie\",\"publisher\":{\"@id\":\"https:\/\/beat.sitter-liver.ch\/#\/schema\/person\/e6afd7bd6477b9c2428162990ed62b04\"},\"potentialAction\":[{\"@type\":\"SearchAction\",\"target\":{\"@type\":\"EntryPoint\",\"urlTemplate\":\"https:\/\/beat.sitter-liver.ch\/?s={search_term_string}\"},\"query-input\":\"required name=search_term_string\"}],\"inLanguage\":\"de-CH\"},{\"@type\":[\"Person\",\"Organization\"],\"@id\":\"https:\/\/beat.sitter-liver.ch\/#\/schema\/person\/e6afd7bd6477b9c2428162990ed62b04\",\"name\":\"admin\",\"image\":{\"@type\":\"ImageObject\",\"inLanguage\":\"de-CH\",\"@id\":\"https:\/\/beat.sitter-liver.ch\/#\/schema\/person\/image\/\",\"url\":\"https:\/\/secure.gravatar.com\/avatar\/2864240c2fd3586545466e643f5601c2?s=96&d=blank&r=g\",\"contentUrl\":\"https:\/\/secure.gravatar.com\/avatar\/2864240c2fd3586545466e643f5601c2?s=96&d=blank&r=g\",\"caption\":\"admin\"},\"logo\":{\"@id\":\"https:\/\/beat.sitter-liver.ch\/#\/schema\/person\/image\/\"},\"sameAs\":[\"https:\/\/beat.sitter-liver.ch\"]}]}<\/script>\n<!-- \/ Yoast SEO plugin. -->","yoast_head_json":{"title":"Lebenslauf | Beat Sitter-Liver","robots":{"index":"index","follow":"follow","max-snippet":"max-snippet:-1","max-image-preview":"max-image-preview:large","max-video-preview":"max-video-preview:-1"},"canonical":"https:\/\/beat.sitter-liver.ch\/index.php\/lebenslauf\/","og_locale":"de_DE","og_type":"article","og_title":"Lebenslauf | Beat Sitter-Liver","og_description":"2022gestorben am 31. Januar 2003Docteur \u00e8s sciences sociales, Universit\u00e9 de Lausanne seit 2001Einf\u00fchrung in die Tierethik in Bern (Veterin\u00e4re) und Dozent im Nachdiplomkurs &#171;Kulturmanagement&#187; (Masterprogramm) in Basel. 1999 &#8211; 2004Dozent&hellip;","og_url":"https:\/\/beat.sitter-liver.ch\/index.php\/lebenslauf\/","og_site_name":"Beat Sitter-Liver","article_modified_time":"2022-02-13T18:32:44+00:00","twitter_card":"summary_large_image","twitter_misc":{"Gesch\u00e4tzte Lesezeit":"1 Minute"},"schema":{"@context":"https:\/\/schema.org","@graph":[{"@type":"WebPage","@id":"https:\/\/beat.sitter-liver.ch\/index.php\/lebenslauf\/","url":"https:\/\/beat.sitter-liver.ch\/index.php\/lebenslauf\/","name":"Lebenslauf | Beat Sitter-Liver","isPartOf":{"@id":"https:\/\/beat.sitter-liver.ch\/#website"},"datePublished":"2020-12-06T08:55:59+00:00","dateModified":"2022-02-13T18:32:44+00:00","breadcrumb":{"@id":"https:\/\/beat.sitter-liver.ch\/index.php\/lebenslauf\/#breadcrumb"},"inLanguage":"de-CH","potentialAction":[{"@type":"ReadAction","target":["https:\/\/beat.sitter-liver.ch\/index.php\/lebenslauf\/"]}]},{"@type":"BreadcrumbList","@id":"https:\/\/beat.sitter-liver.ch\/index.php\/lebenslauf\/#breadcrumb","itemListElement":[{"@type":"ListItem","position":1,"name":"Home","item":"https:\/\/beat.sitter-liver.ch\/"},{"@type":"ListItem","position":2,"name":"Lebenslauf"}]},{"@type":"WebSite","@id":"https:\/\/beat.sitter-liver.ch\/#website","url":"https:\/\/beat.sitter-liver.ch\/","name":"Beat Sitter-Liver","description":"Professor emeritus f\u00fcr praktische Philosophie","publisher":{"@id":"https:\/\/beat.sitter-liver.ch\/#\/schema\/person\/e6afd7bd6477b9c2428162990ed62b04"},"potentialAction":[{"@type":"SearchAction","target":{"@type":"EntryPoint","urlTemplate":"https:\/\/beat.sitter-liver.ch\/?s={search_term_string}"},"query-input":"required name=search_term_string"}],"inLanguage":"de-CH"},{"@type":["Person","Organization"],"@id":"https:\/\/beat.sitter-liver.ch\/#\/schema\/person\/e6afd7bd6477b9c2428162990ed62b04","name":"admin","image":{"@type":"ImageObject","inLanguage":"de-CH","@id":"https:\/\/beat.sitter-liver.ch\/#\/schema\/person\/image\/","url":"https:\/\/secure.gravatar.com\/avatar\/2864240c2fd3586545466e643f5601c2?s=96&d=blank&r=g","contentUrl":"https:\/\/secure.gravatar.com\/avatar\/2864240c2fd3586545466e643f5601c2?s=96&d=blank&r=g","caption":"admin"},"logo":{"@id":"https:\/\/beat.sitter-liver.ch\/#\/schema\/person\/image\/"},"sameAs":["https:\/\/beat.sitter-liver.ch"]}]}},"jetpack_sharing_enabled":true,"_links":{"self":[{"href":"https:\/\/beat.sitter-liver.ch\/index.php\/wp-json\/wp\/v2\/pages\/18"}],"collection":[{"href":"https:\/\/beat.sitter-liver.ch\/index.php\/wp-json\/wp\/v2\/pages"}],"about":[{"href":"https:\/\/beat.sitter-liver.ch\/index.php\/wp-json\/wp\/v2\/types\/page"}],"author":[{"embeddable":true,"href":"https:\/\/beat.sitter-liver.ch\/index.php\/wp-json\/wp\/v2\/users\/1"}],"replies":[{"embeddable":true,"href":"https:\/\/beat.sitter-liver.ch\/index.php\/wp-json\/wp\/v2\/comments?post=18"}],"version-history":[{"count":2,"href":"https:\/\/beat.sitter-liver.ch\/index.php\/wp-json\/wp\/v2\/pages\/18\/revisions"}],"predecessor-version":[{"id":197,"href":"https:\/\/beat.sitter-liver.ch\/index.php\/wp-json\/wp\/v2\/pages\/18\/revisions\/197"}],"wp:attachment":[{"href":"https:\/\/beat.sitter-liver.ch\/index.php\/wp-json\/wp\/v2\/media?parent=18"}],"curies":[{"name":"wp","href":"https:\/\/api.w.org\/{rel}","templated":true}]}}