{"id":26,"date":"2020-12-07T07:29:47","date_gmt":"2020-12-07T07:29:47","guid":{"rendered":"https:\/\/beat.sitter-liver.ch\/wordpress\/?page_id=26"},"modified":"2020-12-10T17:27:55","modified_gmt":"2020-12-10T17:27:55","slug":"funktionen","status":"publish","type":"page","link":"https:\/\/beat.sitter-liver.ch\/index.php\/funktionen\/","title":{"rendered":"Funktionen"},"content":{"rendered":"\n<h4 class=\"wp-block-heading\">Schweizerischer Wissenschafts- und Technologierat<\/h4>\n\n\n\n<ul><li>Mitglied 1975-1986; st\u00e4ndiger Gast 1989-2000.<\/li><li>2001 &#8211; 2005 Mitglied des Leitungsausschusses in der TA-SWISS (Zentrum f\u00fcr Technikfolgenabsch\u00e4tzung).<\/li><\/ul>\n\n\n\n<h4 class=\"wp-block-heading\">Schweizerischer Nationalfonds<\/h4>\n\n\n\n<ul><li>Mitglied der Expertengruppe f\u00fcr das Schwerpunktprogramm &#171;Umwelttechnologie und Umweltforschung&#187;, 1992\u20131994.<\/li><li>Mitglied des Stiftungsrates (bis 2002).<\/li><\/ul>\n\n\n\n<h4 class=\"wp-block-heading\">Ethikkommissionen<\/h4>\n\n\n\n<ul><li>Mitglied der Eidgen\u00f6ssischen Ethikkommission f\u00fcr Biotechnologie im ausserhumanen Bereich (1998\u20132011).<\/li><li>2002 \u20132005 Mitglied der Ethikkommission der Eidgen\u00f6ssischen Technischen Hochschule in Z\u00fcrich.<\/li><li>Mitglied des &#171;Standing Committee for Science and Ethics&#187; der ALLEA &#8211; European Federation of National Academies of Sciences and Humanities (1997\u20132010).<\/li><li>Mitglied der Kantonalen Ethikkommission Bern KEK (2005\u20132008)<\/li><li>Mitarbeit in f\u00fcnf ethischen Kommissionen (Tierversuche; in vitro-Fertilisation und Embryotransfer; Pr\u00e4natale Diagnostik; Ethische Beratung, je zwischen 1 \u2013 7 Jahren).<\/li><\/ul>\n\n\n\n<h4 class=\"wp-block-heading\">Zeitschriften<\/h4>\n\n\n\n<ul><li>1988-1992 Redaktor, ab Januar 1993 Mitwirkender im Beirat der Zeitschrift f\u00fcr philosophische Forschung (bis 2000).<\/li><li>Mitglied des wissenschaftlichen Beirats (Consejo Editorial-Arbitraje) der Zeitschrift &#171;Anales del PESTYC&#187; (Proyecto de est\u00fadios sociales, tecnol\u00f3gicos y cient\u00edficos) des Instituto Polit\u00e9cnico Nacional (M\u00e9xico) sowie der Reihe &#171;Serial Cuadernos de Metodologia sobre Investigaci\u00f3n y Desarrollo Tecnol\u00f3gico&#187; von PESTYC\/INP (1999-2001).<\/li><\/ul>\n\n\n\n<h4 class=\"wp-block-heading\">Mitgliedschaften (Auswahl)<\/h4>\n\n\n\n<ul><li>Academia Scientiarum et Artium Europaea (Delegatus der Schweizer Delegation und Senatsmitglied).<\/li><li>Acad\u00e9mie Europ\u00e9enne des Sciences, des Arts et des Lettres.<\/li><li>Deutsche Gesellschaft zur Erforschung des politischen Denkens.<\/li><li>Philosophische Gesellschaft Freiburg.<\/li><li>Philosophische Gesellschaft Deutschlands, Engerer Kreis.<\/li><li>Societas Ethica (Europ\u00e4ische Forschungsgemeinschaft).<\/li><li>International Association of Environmental Ethics.<\/li><\/ul>\n","protected":false},"excerpt":{"rendered":"<p>Schweizerischer Wissenschafts- und Technologierat Mitglied 1975-1986; st\u00e4ndiger Gast 1989-2000. 2001 &#8211; 2005 Mitglied des Leitungsausschusses in der TA-SWISS (Zentrum f\u00fcr Technikfolgenabsch\u00e4tzung). Schweizerischer Nationalfonds Mitglied der Expertengruppe f\u00fcr das Schwerpunktprogramm &#171;Umwelttechnologie&hellip;<\/p>\n","protected":false},"author":1,"featured_media":0,"parent":0,"menu_order":0,"comment_status":"closed","ping_status":"closed","template":"","meta":{"footnotes":""},"yoast_head":"<!-- This site is optimized with the Yoast SEO plugin v22.6 - https:\/\/yoast.com\/wordpress\/plugins\/seo\/ -->\n<title>Funktionen | Beat Sitter-Liver<\/title>\n<meta name=\"robots\" content=\"index, follow, max-snippet:-1, max-image-preview:large, max-video-preview:-1\" \/>\n<link rel=\"canonical\" href=\"https:\/\/beat.sitter-liver.ch\/index.php\/funktionen\/\" \/>\n<meta property=\"og:locale\" content=\"de_DE\" \/>\n<meta property=\"og:type\" content=\"article\" \/>\n<meta property=\"og:title\" content=\"Funktionen | Beat Sitter-Liver\" \/>\n<meta property=\"og:description\" content=\"Schweizerischer Wissenschafts- und Technologierat Mitglied 1975-1986; st\u00e4ndiger Gast 1989-2000. 2001 &#8211; 2005 Mitglied des Leitungsausschusses in der TA-SWISS (Zentrum f\u00fcr Technikfolgenabsch\u00e4tzung). Schweizerischer Nationalfonds Mitglied der Expertengruppe f\u00fcr das Schwerpunktprogramm &#171;Umwelttechnologie&hellip;\" \/>\n<meta property=\"og:url\" content=\"https:\/\/beat.sitter-liver.ch\/index.php\/funktionen\/\" \/>\n<meta property=\"og:site_name\" content=\"Beat Sitter-Liver\" \/>\n<meta property=\"article:modified_time\" content=\"2020-12-10T17:27:55+00:00\" \/>\n<meta name=\"twitter:card\" content=\"summary_large_image\" \/>\n<meta name=\"twitter:label1\" content=\"Gesch\u00e4tzte Lesezeit\" \/>\n\t<meta name=\"twitter:data1\" content=\"1 Minute\" \/>\n<script type=\"application\/ld+json\" class=\"yoast-schema-graph\">{\"@context\":\"https:\/\/schema.org\",\"@graph\":[{\"@type\":\"WebPage\",\"@id\":\"https:\/\/beat.sitter-liver.ch\/index.php\/funktionen\/\",\"url\":\"https:\/\/beat.sitter-liver.ch\/index.php\/funktionen\/\",\"name\":\"Funktionen | Beat Sitter-Liver\",\"isPartOf\":{\"@id\":\"https:\/\/beat.sitter-liver.ch\/#website\"},\"datePublished\":\"2020-12-07T07:29:47+00:00\",\"dateModified\":\"2020-12-10T17:27:55+00:00\",\"breadcrumb\":{\"@id\":\"https:\/\/beat.sitter-liver.ch\/index.php\/funktionen\/#breadcrumb\"},\"inLanguage\":\"de-CH\",\"potentialAction\":[{\"@type\":\"ReadAction\",\"target\":[\"https:\/\/beat.sitter-liver.ch\/index.php\/funktionen\/\"]}]},{\"@type\":\"BreadcrumbList\",\"@id\":\"https:\/\/beat.sitter-liver.ch\/index.php\/funktionen\/#breadcrumb\",\"itemListElement\":[{\"@type\":\"ListItem\",\"position\":1,\"name\":\"Home\",\"item\":\"https:\/\/beat.sitter-liver.ch\/\"},{\"@type\":\"ListItem\",\"position\":2,\"name\":\"Funktionen\"}]},{\"@type\":\"WebSite\",\"@id\":\"https:\/\/beat.sitter-liver.ch\/#website\",\"url\":\"https:\/\/beat.sitter-liver.ch\/\",\"name\":\"Beat Sitter-Liver\",\"description\":\"Professor emeritus f\u00fcr praktische Philosophie\",\"publisher\":{\"@id\":\"https:\/\/beat.sitter-liver.ch\/#\/schema\/person\/e6afd7bd6477b9c2428162990ed62b04\"},\"potentialAction\":[{\"@type\":\"SearchAction\",\"target\":{\"@type\":\"EntryPoint\",\"urlTemplate\":\"https:\/\/beat.sitter-liver.ch\/?s={search_term_string}\"},\"query-input\":\"required name=search_term_string\"}],\"inLanguage\":\"de-CH\"},{\"@type\":[\"Person\",\"Organization\"],\"@id\":\"https:\/\/beat.sitter-liver.ch\/#\/schema\/person\/e6afd7bd6477b9c2428162990ed62b04\",\"name\":\"admin\",\"image\":{\"@type\":\"ImageObject\",\"inLanguage\":\"de-CH\",\"@id\":\"https:\/\/beat.sitter-liver.ch\/#\/schema\/person\/image\/\",\"url\":\"https:\/\/secure.gravatar.com\/avatar\/2864240c2fd3586545466e643f5601c2?s=96&d=blank&r=g\",\"contentUrl\":\"https:\/\/secure.gravatar.com\/avatar\/2864240c2fd3586545466e643f5601c2?s=96&d=blank&r=g\",\"caption\":\"admin\"},\"logo\":{\"@id\":\"https:\/\/beat.sitter-liver.ch\/#\/schema\/person\/image\/\"},\"sameAs\":[\"https:\/\/beat.sitter-liver.ch\"]}]}<\/script>\n<!-- \/ Yoast SEO plugin. -->","yoast_head_json":{"title":"Funktionen | Beat Sitter-Liver","robots":{"index":"index","follow":"follow","max-snippet":"max-snippet:-1","max-image-preview":"max-image-preview:large","max-video-preview":"max-video-preview:-1"},"canonical":"https:\/\/beat.sitter-liver.ch\/index.php\/funktionen\/","og_locale":"de_DE","og_type":"article","og_title":"Funktionen | Beat Sitter-Liver","og_description":"Schweizerischer Wissenschafts- und Technologierat Mitglied 1975-1986; st\u00e4ndiger Gast 1989-2000. 2001 &#8211; 2005 Mitglied des Leitungsausschusses in der TA-SWISS (Zentrum f\u00fcr Technikfolgenabsch\u00e4tzung). Schweizerischer Nationalfonds Mitglied der Expertengruppe f\u00fcr das Schwerpunktprogramm &#171;Umwelttechnologie&hellip;","og_url":"https:\/\/beat.sitter-liver.ch\/index.php\/funktionen\/","og_site_name":"Beat Sitter-Liver","article_modified_time":"2020-12-10T17:27:55+00:00","twitter_card":"summary_large_image","twitter_misc":{"Gesch\u00e4tzte Lesezeit":"1 Minute"},"schema":{"@context":"https:\/\/schema.org","@graph":[{"@type":"WebPage","@id":"https:\/\/beat.sitter-liver.ch\/index.php\/funktionen\/","url":"https:\/\/beat.sitter-liver.ch\/index.php\/funktionen\/","name":"Funktionen | Beat Sitter-Liver","isPartOf":{"@id":"https:\/\/beat.sitter-liver.ch\/#website"},"datePublished":"2020-12-07T07:29:47+00:00","dateModified":"2020-12-10T17:27:55+00:00","breadcrumb":{"@id":"https:\/\/beat.sitter-liver.ch\/index.php\/funktionen\/#breadcrumb"},"inLanguage":"de-CH","potentialAction":[{"@type":"ReadAction","target":["https:\/\/beat.sitter-liver.ch\/index.php\/funktionen\/"]}]},{"@type":"BreadcrumbList","@id":"https:\/\/beat.sitter-liver.ch\/index.php\/funktionen\/#breadcrumb","itemListElement":[{"@type":"ListItem","position":1,"name":"Home","item":"https:\/\/beat.sitter-liver.ch\/"},{"@type":"ListItem","position":2,"name":"Funktionen"}]},{"@type":"WebSite","@id":"https:\/\/beat.sitter-liver.ch\/#website","url":"https:\/\/beat.sitter-liver.ch\/","name":"Beat Sitter-Liver","description":"Professor emeritus f\u00fcr praktische Philosophie","publisher":{"@id":"https:\/\/beat.sitter-liver.ch\/#\/schema\/person\/e6afd7bd6477b9c2428162990ed62b04"},"potentialAction":[{"@type":"SearchAction","target":{"@type":"EntryPoint","urlTemplate":"https:\/\/beat.sitter-liver.ch\/?s={search_term_string}"},"query-input":"required name=search_term_string"}],"inLanguage":"de-CH"},{"@type":["Person","Organization"],"@id":"https:\/\/beat.sitter-liver.ch\/#\/schema\/person\/e6afd7bd6477b9c2428162990ed62b04","name":"admin","image":{"@type":"ImageObject","inLanguage":"de-CH","@id":"https:\/\/beat.sitter-liver.ch\/#\/schema\/person\/image\/","url":"https:\/\/secure.gravatar.com\/avatar\/2864240c2fd3586545466e643f5601c2?s=96&d=blank&r=g","contentUrl":"https:\/\/secure.gravatar.com\/avatar\/2864240c2fd3586545466e643f5601c2?s=96&d=blank&r=g","caption":"admin"},"logo":{"@id":"https:\/\/beat.sitter-liver.ch\/#\/schema\/person\/image\/"},"sameAs":["https:\/\/beat.sitter-liver.ch"]}]}},"jetpack_sharing_enabled":true,"_links":{"self":[{"href":"https:\/\/beat.sitter-liver.ch\/index.php\/wp-json\/wp\/v2\/pages\/26"}],"collection":[{"href":"https:\/\/beat.sitter-liver.ch\/index.php\/wp-json\/wp\/v2\/pages"}],"about":[{"href":"https:\/\/beat.sitter-liver.ch\/index.php\/wp-json\/wp\/v2\/types\/page"}],"author":[{"embeddable":true,"href":"https:\/\/beat.sitter-liver.ch\/index.php\/wp-json\/wp\/v2\/users\/1"}],"replies":[{"embeddable":true,"href":"https:\/\/beat.sitter-liver.ch\/index.php\/wp-json\/wp\/v2\/comments?post=26"}],"version-history":[{"count":4,"href":"https:\/\/beat.sitter-liver.ch\/index.php\/wp-json\/wp\/v2\/pages\/26\/revisions"}],"predecessor-version":[{"id":181,"href":"https:\/\/beat.sitter-liver.ch\/index.php\/wp-json\/wp\/v2\/pages\/26\/revisions\/181"}],"wp:attachment":[{"href":"https:\/\/beat.sitter-liver.ch\/index.php\/wp-json\/wp\/v2\/media?parent=26"}],"curies":[{"name":"wp","href":"https:\/\/api.w.org\/{rel}","templated":true}]}}